{"id":9280,"date":"2021-03-11T16:07:31","date_gmt":"2021-03-11T13:07:31","guid":{"rendered":"https:\/\/dudulakis.com\/?page_id=9280"},"modified":"2021-03-11T16:31:10","modified_gmt":"2021-03-11T13:31:10","slug":"rinoplastica","status":"publish","type":"page","link":"https:\/\/dudulakis.com\/it\/rinoplastica\/","title":{"rendered":"Rinoplastica"},"content":{"rendered":"[vc_row type=&#8221;in_container&#8221; full_screen_row_position=&#8221;middle&#8221; scene_position=&#8221;center&#8221; text_color=&#8221;dark&#8221; text_align=&#8221;left&#8221; overlay_strength=&#8221;0.3&#8243; shape_divider_position=&#8221;bottom&#8221; bg_image_animation=&#8221;none&#8221;][vc_column column_padding=&#8221;no-extra-padding&#8221; column_padding_position=&#8221;all&#8221; background_color_opacity=&#8221;1&#8243; background_hover_color_opacity=&#8221;1&#8243; column_link_target=&#8221;_self&#8221; column_shadow=&#8221;none&#8221; column_border_radius=&#8221;none&#8221; width=&#8221;1\/2&#8243; tablet_width_inherit=&#8221;default&#8221; tablet_text_alignment=&#8221;default&#8221; phone_text_alignment=&#8221;default&#8221; column_border_width=&#8221;none&#8221; column_border_style=&#8221;solid&#8221; bg_image_animation=&#8221;none&#8221;][image_with_animation image_url=&#8221;9281&#8243; alignment=&#8221;&#8221; animation=&#8221;Fade In&#8221; img_link_large=&#8221;yes&#8221; border_radius=&#8221;none&#8221; box_shadow=&#8221;none&#8221; max_width=&#8221;100%&#8221;][\/vc_column][vc_column column_padding=&#8221;no-extra-padding&#8221; column_padding_position=&#8221;all&#8221; background_color_opacity=&#8221;1&#8243; background_hover_color_opacity=&#8221;1&#8243; column_link_target=&#8221;_self&#8221; column_shadow=&#8221;none&#8221; column_border_radius=&#8221;none&#8221; width=&#8221;1\/2&#8243; tablet_width_inherit=&#8221;default&#8221; tablet_text_alignment=&#8221;default&#8221; phone_text_alignment=&#8221;default&#8221; column_border_width=&#8221;none&#8221; column_border_style=&#8221;solid&#8221; bg_image_animation=&#8221;none&#8221;][vc_custom_heading source=&#8221;post_title&#8221; font_container=&#8221;tag:h2|text_align:center|color:%239b1b01&#8243;][\/vc_column][\/vc_row][vc_row type=&#8221;in_container&#8221; full_screen_row_position=&#8221;middle&#8221; scene_position=&#8221;center&#8221; text_color=&#8221;dark&#8221; text_align=&#8221;left&#8221; overlay_strength=&#8221;0.3&#8243; shape_divider_position=&#8221;bottom&#8221; bg_image_animation=&#8221;none&#8221;][vc_column column_padding=&#8221;no-extra-padding&#8221; column_padding_position=&#8221;all&#8221; background_color_opacity=&#8221;1&#8243; background_hover_color_opacity=&#8221;1&#8243; column_link_target=&#8221;_self&#8221; column_shadow=&#8221;none&#8221; column_border_radius=&#8221;none&#8221; width=&#8221;1\/1&#8243; tablet_width_inherit=&#8221;default&#8221; tablet_text_alignment=&#8221;default&#8221; phone_text_alignment=&#8221;default&#8221; column_border_width=&#8221;none&#8221; column_border_style=&#8221;solid&#8221; bg_image_animation=&#8221;none&#8221;][vc_column_text]<strong>Ma cosa \u00e8 la rinoplastica?<\/strong><\/p>\n<p>La rinoplastica \u00e8 una delle operazioni pi\u00f9 delicate e difficili della chirurgia plastica e ricostruttiva, dato che il naso si trova nel centro del viso e connette tra loro tutti gli altri connotati.<\/p>\n<p>Cosi come ogni volto \u00e8 unico, anche ogni naso lo \u00e8. Persino piccoli cambiamenti nella forma, nel volume, o la lunghezza del naso, possono essere notati, in quanto coinvolgono l\u2019 estetica e la simmetria dell\u2019 intero viso.<\/p>\n<p>Spesso\u00a0 durante la rinoplastica il chirurgo plastico e ricostruttivo \u00e8 costretto ad affrontare internamente situazioni patologiche, come adenoidi ipertrofiche, polipi nasali, o mettere in posizione la scoliosi del diaframma, che molto spesso \u00e8\u00a0 la causa del difetto estetico, che noi vediamo![\/vc_column_text][\/vc_column][\/vc_row][vc_row type=&#8221;in_container&#8221; full_screen_row_position=&#8221;middle&#8221; scene_position=&#8221;center&#8221; text_color=&#8221;dark&#8221; text_align=&#8221;left&#8221; overlay_strength=&#8221;0.3&#8243; shape_divider_position=&#8221;bottom&#8221; bg_image_animation=&#8221;none&#8221;][vc_column column_padding=&#8221;no-extra-padding&#8221; column_padding_position=&#8221;all&#8221; background_color_opacity=&#8221;1&#8243; background_hover_color_opacity=&#8221;1&#8243; column_link_target=&#8221;_self&#8221; column_shadow=&#8221;none&#8221; column_border_radius=&#8221;none&#8221; width=&#8221;1\/1&#8243; tablet_width_inherit=&#8221;default&#8221; tablet_text_alignment=&#8221;default&#8221; phone_text_alignment=&#8221;default&#8221; column_border_width=&#8221;none&#8221; column_border_style=&#8221;solid&#8221; bg_image_animation=&#8221;none&#8221;][vc_column_text]Come prima cosa quindi bisogna aggiustare i canali respiratori superiori del naso, che sono molto importanti per la respirazione di ogni individuo.<\/p>\n<p>Se non funzionano correttamente, la persona impara gradualmente a respirare dalla bocca, non usufruendo cosi delle funzioni importanti di questo complesso organo.<\/p>\n<p>Proviamo a ricordarci alcune di queste funzioni importanti delle vie respiratorie superiori. La respirazione attraverso il naso porta in questo apparecchio tutte le particelle che si trovano nell\u2019aria che respiriamo, come i pollini, la polvere, i microbi, i virus, la polluzione,\u00a0\u00a0 e li \u2018incolla\u2019 nel muco prodotta dalla mucosa.<\/p>\n<p>&nbsp;<\/p>\n<p>Successivamente\u00a0 sia con lo starnuto che con le secrezioni\u00a0 mucose che vengono prodotte, l\u2019organismo ha la possibilit\u00e0 di espellerli e non farli passare nelle vie respiratorie pi\u00f9 profonde, sviluppando eventualmente una malattia.<\/p>\n<p>&nbsp;<\/p>\n<p>In secondo luogo l\u2019aria che passa attraverso il naso viene riscaldata, raffreddata o inumidita, cio\u00e8, viene \u2018adattata\u2019,\u00a0 per arrivare ai polmoni il pi\u00f9 possibile preparata, per non provocare\u00a0 sofferenza , danni , o infezioni.<\/p>\n<p>&nbsp;<\/p>\n<p>Certe volte nella respirazione durante il sonno, diventa essenziale per alcuni pazienti che soffrono di apnea nel sonno.<\/p>\n<p>L\u2019 apnea nel sonno \u00e8 quella condizione durante la quale un individuo non respira in maniera ritmica come succede di solito mentre dormiamo, ma perde alcuni dei respiri che avrebbe normalmente dovuto fare ogni minuto.<\/p>\n<p>L\u2019 apnea nel sonno dipende da molti fattori. Pu\u00f2 essere un problema di disfunzione centrale, il quale in concomitanza con altre situazioni, come l\u2019obesit\u00e0, la tonsillite,\u00a0 il raffreddore, \u00a0problemi anatomici degli organi della bocca e della faringe, e cattive abitudini come il consumo eccessivo di alcool e il fumo in aggiunta alla cattiva o assente respirazione dal naso, possono farci non solo russare e avere pessima qualit\u00e0 di sonno, ma potrebbero provocare non solo apnea totale ma persino la morte durante il sonno.<\/p>\n<p>Quindi per tutte queste ragioni la rinoplastica \u00e8 una delle pi\u00f9 importanti operazioni della chirurgia plastica e ricostruttiva in quanto per curare l\u2019estetica si opera per effettuare cambiamenti letteralmente sul millimetro, e nello stesso tempo si affrontano problemi nascosti in grande profondit\u00e0 ed in spazi ristrettissimi.<\/p>\n<p>&nbsp;<\/p>\n<p><strong>QUAL \u00c8 L\u2019 ETA\u2019 PER FARE LA RINOPLASTICA?<\/strong><\/p>\n<p>L\u2019et\u00e0 ideale per fare un\u2019 operazione di rinoplastica \u00e8 dopo aver compiuto i diciotto anni, l\u2019et\u00e0 cio\u00e8 che si \u00e8 completato lo sviluppo delle ossa del naso.<\/p>\n<p>&nbsp;<\/p>\n<p><strong>PROCESSO POST OPERATORIO.<\/strong><\/p>\n<p>Di solito quest\u2019 operazione viene fatta all\u2019interno delle narici nasali, \u00a0attraverso dei piccoli tagli, nascosti nulla mucosa nasale, per non avere dei segni evidenti dopo l\u2019operazione. Attraverso questi piccoli tagli si mettono in posizione i vari tessuti operati. Per mantenere i tessuti nella posizione giusta, vengono applicati dei tamponi, i quali oltre tutto non permetteranno la formazione di edemi ematomi o emorragie post operatorie .<\/p>\n<p>&nbsp;<\/p>\n<p>Il buon esito funzionale \u00a0della rinoplastica viene riconosciuti immediatamente appena\u00a0 tolti i tamponi, quindi il terzo giorno dopo l\u2019operazione. In quel momento il paziente pu\u00f2 capire quanto fosse menomata \u00a0la sua respirazione attraverso il naso.<\/p>\n<p>Con l\u2019aiuto dell\u2019 omeopatia e dei laser medici terapeutici di alta tecnologia, nel caso in cui ci fossero edemi o ematomi, cosa abbastanza rara, grazia alla mia tecnica sperimentata e degli strumenti chirurgici studiati e creati ad hoc da me, vengono rapidamente allontanati. Nove casi di rinoplastica complessa su dieci, non hanno ematomi il quarto giorno dopo l\u2019 operazione, cio\u00e8 il giorno dopo aver tolto i tamponi!<\/p>\n<p>In questo processo appositi programmi \u00a0per l\u2019 edema, l\u2019 ematoma,\u00a0 l\u2019 infiammazione e per la cicatrizzazione vengono applicati, a giorni alterni presso lo studio.<\/p>\n<p>Grazia alla mia tecnica ed agli strumenti \u00a0creati \u00a0ad hoc si provocano i minori danni possibili ai tessuti e non si creano fratture nella piramide nasale, cosa molto importante per l\u2019incolumit\u00e0 della piramide nasale. Inoltre non serve l\u2019applicazione di nessun nartece indipendentemente dall\u2019 entit\u00e0 dell\u2019operazione.<\/p>\n<p><strong>ANESTESIA<\/strong><\/p>\n<p>La rinoplastica viene effettuata in anestesia generale. Soltanto in alcuni casi, quando si devono aggiustare piccoli particolari alla punta del naso per esempio, si pu\u00f2 fare l\u2019anestesia locale o con la sedazione.<\/p>\n<p><strong>CONVALESCENZA<\/strong><\/p>\n<p>Nella maggior parte dei casi la convalescenza varia dai cinque ai dieci giorni, anche se il risultato estetico finale pu\u00f2 essere valutato dopo un anno dall\u2019operazione.[\/vc_column_text][\/vc_column][\/vc_row]\n","protected":false},"excerpt":{"rendered":"<p>[vc_row type=&#8221;in_container&#8221; full_screen_row_position=&#8221;middle&#8221; scene_position=&#8221;center&#8221; text_color=&#8221;dark&#8221; text_align=&#8221;left&#8221; overlay_strength=&#8221;0.3&#8243; shape_divider_position=&#8221;bottom&#8221; bg_image_animation=&#8221;none&#8221;][vc_column column_padding=&#8221;no-extra-padding&#8221; column_padding_position=&#8221;all&#8221; background_color_opacity=&#8221;1&#8243; background_hover_color_opacity=&#8221;1&#8243; column_link_target=&#8221;_self&#8221; column_shadow=&#8221;none&#8221; column_border_radius=&#8221;none&#8221; width=&#8221;1\/2&#8243; tablet_width_inherit=&#8221;default&#8221; tablet_text_alignment=&#8221;default&#8221; phone_text_alignment=&#8221;default&#8221; column_border_width=&#8221;none&#8221; column_border_style=&#8221;solid&#8221; bg_image_animation=&#8221;none&#8221;][image_with_animation image_url=&#8221;9281&#8243; alignment=&#8221;&#8221;&#8230;<\/p>\n","protected":false},"author":7,"featured_media":0,"parent":0,"menu_order":0,"comment_status":"closed","ping_status":"closed","template":"","meta":{"_eb_attr":"","footnotes":""},"class_list":["post-9280","page","type-page","status-publish"],"yoast_head":"<!-- This site is optimized with the Yoast SEO plugin v26.6 - https:\/\/yoast.com\/wordpress\/plugins\/seo\/ -->\n<title>Rinoplastica - \u039d\u03b5\u03ba\u03c4\u03ac\u03c1\u03b9\u03bf\u03c2 \u0391.. \u039d\u03c4\u03bf\u03c5\u03bd\u03c4\u03bf\u03c5\u03bb\u03ac\u03ba\u03b7\u03c2<\/title>\n<meta name=\"description\" content=\"\u039f\u03b9 \u03c5\u03c0\u03b7\u03c1\u03b5\u03c3\u03af\u03b5\u03c2 \u03bc\u03b1\u03c2 \u03ba\u03b1\u03bb\u03cd\u03c0\u03c4\u03bf\u03c5\u03bd \u03cc\u03bb\u03bf \u03c4\u03bf \u03c6\u03ac\u03c3\u03bc\u03b1 \u03c4\u03c9\u03bd \u03b5\u03c0\u03b5\u03bc\u03b2\u03ac\u03c3\u03b5\u03c9\u03bd, \u03b5\u03c0\u03b5\u03bc\u03b2\u03b1\u03c4\u03b9\u03ba\u03ce\u03bd \u03ba\u03b1\u03b9 \u03bc\u03b7. \u039b\u03cd\u03c3\u03b5\u03b9\u03c2 \u03b5\u03cd\u03ba\u03bf\u03bb\u03b5\u03c2, \u03b1\u03bd\u03b1\u03af\u03bc\u03b1\u03ba\u03c4\u03b5\u03c2 \u03ba\u03b1\u03b9 \u03bc\u03b5 \u03bc\u03b9\u03ba\u03c1\u03cc \u03ba\u03cc\u03c3\u03c4\u03bf\u03c2, \u03bf\u03b9 \u03bf\u03c0\u03bf\u03af\u03b5\u03c2 \u03bc\u03c0\u03bf\u03c1\u03bf\u03cd\u03bd \u03cc\u03c7\u03b9 \u03bc\u03cc\u03bd\u03bf \u03bd\u03b1 \u03ba\u03b1\u03b8\u03c5\u03c3\u03c4\u03b5\u03c1\u03ae\u03c3\u03bf\u03c5\u03bd, \u03b1\u03bb\u03bb\u03ac \u03ba\u03b1\u03b9 \u03bd\u03b1 \u03b2\u03b5\u03bb\u03c4\u03b9\u03ce\u03c3\u03bf\u03c5\u03bd \u03c4\u03b1 \u03c3\u03b7\u03bc\u03ac\u03b4\u03b9\u03b1 \u03c4\u03bf\u03c5 \u03c7\u03c1\u03cc\u03bd\u03bf\u03c5.\" \/>\n<meta name=\"robots\" content=\"index, follow, max-snippet:-1, max-image-preview:large, max-video-preview:-1\" \/>\n<link rel=\"canonical\" href=\"https:\/\/dudulakis.com\/it\/rinoplastica\/\" \/>\n<meta property=\"og:locale\" content=\"it_IT\" \/>\n<meta property=\"og:type\" content=\"article\" \/>\n<meta property=\"og:title\" content=\"Rinoplastica - \u039d\u03b5\u03ba\u03c4\u03ac\u03c1\u03b9\u03bf\u03c2 \u0391.. \u039d\u03c4\u03bf\u03c5\u03bd\u03c4\u03bf\u03c5\u03bb\u03ac\u03ba\u03b7\u03c2\" \/>\n<meta property=\"og:description\" content=\"\u039f\u03b9 \u03c5\u03c0\u03b7\u03c1\u03b5\u03c3\u03af\u03b5\u03c2 \u03bc\u03b1\u03c2 \u03ba\u03b1\u03bb\u03cd\u03c0\u03c4\u03bf\u03c5\u03bd \u03cc\u03bb\u03bf \u03c4\u03bf \u03c6\u03ac\u03c3\u03bc\u03b1 \u03c4\u03c9\u03bd \u03b5\u03c0\u03b5\u03bc\u03b2\u03ac\u03c3\u03b5\u03c9\u03bd, \u03b5\u03c0\u03b5\u03bc\u03b2\u03b1\u03c4\u03b9\u03ba\u03ce\u03bd \u03ba\u03b1\u03b9 \u03bc\u03b7. \u039b\u03cd\u03c3\u03b5\u03b9\u03c2 \u03b5\u03cd\u03ba\u03bf\u03bb\u03b5\u03c2, \u03b1\u03bd\u03b1\u03af\u03bc\u03b1\u03ba\u03c4\u03b5\u03c2 \u03ba\u03b1\u03b9 \u03bc\u03b5 \u03bc\u03b9\u03ba\u03c1\u03cc \u03ba\u03cc\u03c3\u03c4\u03bf\u03c2, \u03bf\u03b9 \u03bf\u03c0\u03bf\u03af\u03b5\u03c2 \u03bc\u03c0\u03bf\u03c1\u03bf\u03cd\u03bd \u03cc\u03c7\u03b9 \u03bc\u03cc\u03bd\u03bf \u03bd\u03b1 \u03ba\u03b1\u03b8\u03c5\u03c3\u03c4\u03b5\u03c1\u03ae\u03c3\u03bf\u03c5\u03bd, \u03b1\u03bb\u03bb\u03ac \u03ba\u03b1\u03b9 \u03bd\u03b1 \u03b2\u03b5\u03bb\u03c4\u03b9\u03ce\u03c3\u03bf\u03c5\u03bd \u03c4\u03b1 \u03c3\u03b7\u03bc\u03ac\u03b4\u03b9\u03b1 \u03c4\u03bf\u03c5 \u03c7\u03c1\u03cc\u03bd\u03bf\u03c5.\" \/>\n<meta property=\"og:url\" content=\"https:\/\/dudulakis.com\/it\/rinoplastica\/\" \/>\n<meta property=\"og:site_name\" content=\"\u039d\u03b5\u03ba\u03c4\u03ac\u03c1\u03b9\u03bf\u03c2 \u0391.. \u039d\u03c4\u03bf\u03c5\u03bd\u03c4\u03bf\u03c5\u03bb\u03ac\u03ba\u03b7\u03c2\" \/>\n<meta property=\"article:publisher\" content=\"https:\/\/www.facebook.com\/Dudulakis\" \/>\n<meta property=\"article:modified_time\" content=\"2021-03-11T13:31:10+00:00\" \/>\n<meta name=\"twitter:card\" content=\"summary_large_image\" \/>\n<meta name=\"twitter:label1\" content=\"Tempo di lettura stimato\" \/>\n\t<meta name=\"twitter:data1\" content=\"6 minuti\" \/>\n<script type=\"application\/ld+json\" class=\"yoast-schema-graph\">{\"@context\":\"https:\/\/schema.org\",\"@graph\":[{\"@type\":\"WebPage\",\"@id\":\"https:\/\/dudulakis.com\/it\/rinoplastica\/\",\"url\":\"https:\/\/dudulakis.com\/it\/rinoplastica\/\",\"name\":\"Rinoplastica - \u039d\u03b5\u03ba\u03c4\u03ac\u03c1\u03b9\u03bf\u03c2 \u0391.. \u039d\u03c4\u03bf\u03c5\u03bd\u03c4\u03bf\u03c5\u03bb\u03ac\u03ba\u03b7\u03c2\",\"isPartOf\":{\"@id\":\"http:\/\/dudulakis.com\/en\/#website\"},\"datePublished\":\"2021-03-11T13:07:31+00:00\",\"dateModified\":\"2021-03-11T13:31:10+00:00\",\"description\":\"\u039f\u03b9 \u03c5\u03c0\u03b7\u03c1\u03b5\u03c3\u03af\u03b5\u03c2 \u03bc\u03b1\u03c2 \u03ba\u03b1\u03bb\u03cd\u03c0\u03c4\u03bf\u03c5\u03bd \u03cc\u03bb\u03bf \u03c4\u03bf \u03c6\u03ac\u03c3\u03bc\u03b1 \u03c4\u03c9\u03bd \u03b5\u03c0\u03b5\u03bc\u03b2\u03ac\u03c3\u03b5\u03c9\u03bd, \u03b5\u03c0\u03b5\u03bc\u03b2\u03b1\u03c4\u03b9\u03ba\u03ce\u03bd \u03ba\u03b1\u03b9 \u03bc\u03b7. \u039b\u03cd\u03c3\u03b5\u03b9\u03c2 \u03b5\u03cd\u03ba\u03bf\u03bb\u03b5\u03c2, \u03b1\u03bd\u03b1\u03af\u03bc\u03b1\u03ba\u03c4\u03b5\u03c2 \u03ba\u03b1\u03b9 \u03bc\u03b5 \u03bc\u03b9\u03ba\u03c1\u03cc \u03ba\u03cc\u03c3\u03c4\u03bf\u03c2, \u03bf\u03b9 \u03bf\u03c0\u03bf\u03af\u03b5\u03c2 \u03bc\u03c0\u03bf\u03c1\u03bf\u03cd\u03bd \u03cc\u03c7\u03b9 \u03bc\u03cc\u03bd\u03bf \u03bd\u03b1 \u03ba\u03b1\u03b8\u03c5\u03c3\u03c4\u03b5\u03c1\u03ae\u03c3\u03bf\u03c5\u03bd, \u03b1\u03bb\u03bb\u03ac \u03ba\u03b1\u03b9 \u03bd\u03b1 \u03b2\u03b5\u03bb\u03c4\u03b9\u03ce\u03c3\u03bf\u03c5\u03bd \u03c4\u03b1 \u03c3\u03b7\u03bc\u03ac\u03b4\u03b9\u03b1 \u03c4\u03bf\u03c5 \u03c7\u03c1\u03cc\u03bd\u03bf\u03c5.\",\"breadcrumb\":{\"@id\":\"https:\/\/dudulakis.com\/it\/rinoplastica\/#breadcrumb\"},\"inLanguage\":\"it-IT\",\"potentialAction\":[{\"@type\":\"ReadAction\",\"target\":[\"https:\/\/dudulakis.com\/it\/rinoplastica\/\"]}]},{\"@type\":\"BreadcrumbList\",\"@id\":\"https:\/\/dudulakis.com\/it\/rinoplastica\/#breadcrumb\",\"itemListElement\":[{\"@type\":\"ListItem\",\"position\":1,\"name\":\"Home\",\"item\":\"http:\/\/dudulakis.com\/it\/\"},{\"@type\":\"ListItem\",\"position\":2,\"name\":\"Rinoplastica\"}]},{\"@type\":\"WebSite\",\"@id\":\"http:\/\/dudulakis.com\/en\/#website\",\"url\":\"http:\/\/dudulakis.com\/en\/\",\"name\":\"\u039d\u03b5\u03ba\u03c4\u03ac\u03c1\u03b9\u03bf\u03c2 \u0391.. \u039d\u03c4\u03bf\u03c5\u03bd\u03c4\u03bf\u03c5\u03bb\u03ac\u03ba\u03b7\u03c2\",\"description\":\"\u03a0\u03bb\u03b1\u03c3\u03c4\u03b9\u03ba\u03ae \u03a7\u03b5\u03b9\u03c1\u03bf\u03c5\u03c1\u03b3\u03b9\u03ba\u03ae\",\"publisher\":{\"@id\":\"http:\/\/dudulakis.com\/en\/#organization\"},\"potentialAction\":[{\"@type\":\"SearchAction\",\"target\":{\"@type\":\"EntryPoint\",\"urlTemplate\":\"http:\/\/dudulakis.com\/en\/?s={search_term_string}\"},\"query-input\":{\"@type\":\"PropertyValueSpecification\",\"valueRequired\":true,\"valueName\":\"search_term_string\"}}],\"inLanguage\":\"it-IT\"},{\"@type\":\"Organization\",\"@id\":\"http:\/\/dudulakis.com\/en\/#organization\",\"name\":\"\u039d\u03b5\u03ba\u03c4\u03ac\u03c1\u03b9\u03bf\u03c2 \u0391. \u039d\u03c4\u03bf\u03c5\u03bd\u03c4\u03bf\u03c5\u03bb\u03ac\u03ba\u03b7\u03c2 - \u03a0\u03bb\u03b1\u03c3\u03c4\u03b9\u03ba\u03cc\u03c2 \u03a7\u03b5\u03b9\u03c1\u03bf\u03c5\u03c1\u03b3\u03cc\u03c2\",\"url\":\"http:\/\/dudulakis.com\/en\/\",\"logo\":{\"@type\":\"ImageObject\",\"inLanguage\":\"it-IT\",\"@id\":\"http:\/\/dudulakis.com\/en\/#\/schema\/logo\/image\/\",\"url\":\"https:\/\/dudulakis.com\/wp-content\/uploads\/2021\/10\/goldlogodudulakis.jpg\",\"contentUrl\":\"https:\/\/dudulakis.com\/wp-content\/uploads\/2021\/10\/goldlogodudulakis.jpg\",\"width\":353,\"height\":220,\"caption\":\"\u039d\u03b5\u03ba\u03c4\u03ac\u03c1\u03b9\u03bf\u03c2 \u0391. \u039d\u03c4\u03bf\u03c5\u03bd\u03c4\u03bf\u03c5\u03bb\u03ac\u03ba\u03b7\u03c2 - \u03a0\u03bb\u03b1\u03c3\u03c4\u03b9\u03ba\u03cc\u03c2 \u03a7\u03b5\u03b9\u03c1\u03bf\u03c5\u03c1\u03b3\u03cc\u03c2\"},\"image\":{\"@id\":\"http:\/\/dudulakis.com\/en\/#\/schema\/logo\/image\/\"},\"sameAs\":[\"https:\/\/www.facebook.com\/Dudulakis\",\"https:\/\/www.instagram.com\/nektarios_dudulakis\/\",\"https:\/\/www.youtube.com\/channel\/UCO1ydZCIZzS1rHRrge4yCPw\",\"https:\/\/www.tiktok.com\/@dudulakis_plasticsurgeon\",\"https:\/\/gr.pinterest.com\/pin\/951666965050420270\/\",\"https:\/\/gr.linkedin.com\/in\/nektarios-dudulakis-5a1408102\"]}]}<\/script>\n<!-- \/ Yoast SEO plugin. -->","yoast_head_json":{"title":"Rinoplastica - \u039d\u03b5\u03ba\u03c4\u03ac\u03c1\u03b9\u03bf\u03c2 \u0391.. \u039d\u03c4\u03bf\u03c5\u03bd\u03c4\u03bf\u03c5\u03bb\u03ac\u03ba\u03b7\u03c2","description":"\u039f\u03b9 \u03c5\u03c0\u03b7\u03c1\u03b5\u03c3\u03af\u03b5\u03c2 \u03bc\u03b1\u03c2 \u03ba\u03b1\u03bb\u03cd\u03c0\u03c4\u03bf\u03c5\u03bd \u03cc\u03bb\u03bf \u03c4\u03bf \u03c6\u03ac\u03c3\u03bc\u03b1 \u03c4\u03c9\u03bd \u03b5\u03c0\u03b5\u03bc\u03b2\u03ac\u03c3\u03b5\u03c9\u03bd, \u03b5\u03c0\u03b5\u03bc\u03b2\u03b1\u03c4\u03b9\u03ba\u03ce\u03bd \u03ba\u03b1\u03b9 \u03bc\u03b7. \u039b\u03cd\u03c3\u03b5\u03b9\u03c2 \u03b5\u03cd\u03ba\u03bf\u03bb\u03b5\u03c2, \u03b1\u03bd\u03b1\u03af\u03bc\u03b1\u03ba\u03c4\u03b5\u03c2 \u03ba\u03b1\u03b9 \u03bc\u03b5 \u03bc\u03b9\u03ba\u03c1\u03cc \u03ba\u03cc\u03c3\u03c4\u03bf\u03c2, \u03bf\u03b9 \u03bf\u03c0\u03bf\u03af\u03b5\u03c2 \u03bc\u03c0\u03bf\u03c1\u03bf\u03cd\u03bd \u03cc\u03c7\u03b9 \u03bc\u03cc\u03bd\u03bf \u03bd\u03b1 \u03ba\u03b1\u03b8\u03c5\u03c3\u03c4\u03b5\u03c1\u03ae\u03c3\u03bf\u03c5\u03bd, \u03b1\u03bb\u03bb\u03ac \u03ba\u03b1\u03b9 \u03bd\u03b1 \u03b2\u03b5\u03bb\u03c4\u03b9\u03ce\u03c3\u03bf\u03c5\u03bd \u03c4\u03b1 \u03c3\u03b7\u03bc\u03ac\u03b4\u03b9\u03b1 \u03c4\u03bf\u03c5 \u03c7\u03c1\u03cc\u03bd\u03bf\u03c5.","robots":{"index":"index","follow":"follow","max-snippet":"max-snippet:-1","max-image-preview":"max-image-preview:large","max-video-preview":"max-video-preview:-1"},"canonical":"https:\/\/dudulakis.com\/it\/rinoplastica\/","og_locale":"it_IT","og_type":"article","og_title":"Rinoplastica - \u039d\u03b5\u03ba\u03c4\u03ac\u03c1\u03b9\u03bf\u03c2 \u0391.. \u039d\u03c4\u03bf\u03c5\u03bd\u03c4\u03bf\u03c5\u03bb\u03ac\u03ba\u03b7\u03c2","og_description":"\u039f\u03b9 \u03c5\u03c0\u03b7\u03c1\u03b5\u03c3\u03af\u03b5\u03c2 \u03bc\u03b1\u03c2 \u03ba\u03b1\u03bb\u03cd\u03c0\u03c4\u03bf\u03c5\u03bd \u03cc\u03bb\u03bf \u03c4\u03bf \u03c6\u03ac\u03c3\u03bc\u03b1 \u03c4\u03c9\u03bd \u03b5\u03c0\u03b5\u03bc\u03b2\u03ac\u03c3\u03b5\u03c9\u03bd, \u03b5\u03c0\u03b5\u03bc\u03b2\u03b1\u03c4\u03b9\u03ba\u03ce\u03bd \u03ba\u03b1\u03b9 \u03bc\u03b7. \u039b\u03cd\u03c3\u03b5\u03b9\u03c2 \u03b5\u03cd\u03ba\u03bf\u03bb\u03b5\u03c2, \u03b1\u03bd\u03b1\u03af\u03bc\u03b1\u03ba\u03c4\u03b5\u03c2 \u03ba\u03b1\u03b9 \u03bc\u03b5 \u03bc\u03b9\u03ba\u03c1\u03cc \u03ba\u03cc\u03c3\u03c4\u03bf\u03c2, \u03bf\u03b9 \u03bf\u03c0\u03bf\u03af\u03b5\u03c2 \u03bc\u03c0\u03bf\u03c1\u03bf\u03cd\u03bd \u03cc\u03c7\u03b9 \u03bc\u03cc\u03bd\u03bf \u03bd\u03b1 \u03ba\u03b1\u03b8\u03c5\u03c3\u03c4\u03b5\u03c1\u03ae\u03c3\u03bf\u03c5\u03bd, \u03b1\u03bb\u03bb\u03ac \u03ba\u03b1\u03b9 \u03bd\u03b1 \u03b2\u03b5\u03bb\u03c4\u03b9\u03ce\u03c3\u03bf\u03c5\u03bd \u03c4\u03b1 \u03c3\u03b7\u03bc\u03ac\u03b4\u03b9\u03b1 \u03c4\u03bf\u03c5 \u03c7\u03c1\u03cc\u03bd\u03bf\u03c5.","og_url":"https:\/\/dudulakis.com\/it\/rinoplastica\/","og_site_name":"\u039d\u03b5\u03ba\u03c4\u03ac\u03c1\u03b9\u03bf\u03c2 \u0391.. \u039d\u03c4\u03bf\u03c5\u03bd\u03c4\u03bf\u03c5\u03bb\u03ac\u03ba\u03b7\u03c2","article_publisher":"https:\/\/www.facebook.com\/Dudulakis","article_modified_time":"2021-03-11T13:31:10+00:00","twitter_card":"summary_large_image","twitter_misc":{"Tempo di lettura stimato":"6 minuti"},"schema":{"@context":"https:\/\/schema.org","@graph":[{"@type":"WebPage","@id":"https:\/\/dudulakis.com\/it\/rinoplastica\/","url":"https:\/\/dudulakis.com\/it\/rinoplastica\/","name":"Rinoplastica - \u039d\u03b5\u03ba\u03c4\u03ac\u03c1\u03b9\u03bf\u03c2 \u0391.. \u039d\u03c4\u03bf\u03c5\u03bd\u03c4\u03bf\u03c5\u03bb\u03ac\u03ba\u03b7\u03c2","isPartOf":{"@id":"http:\/\/dudulakis.com\/en\/#website"},"datePublished":"2021-03-11T13:07:31+00:00","dateModified":"2021-03-11T13:31:10+00:00","description":"\u039f\u03b9 \u03c5\u03c0\u03b7\u03c1\u03b5\u03c3\u03af\u03b5\u03c2 \u03bc\u03b1\u03c2 \u03ba\u03b1\u03bb\u03cd\u03c0\u03c4\u03bf\u03c5\u03bd \u03cc\u03bb\u03bf \u03c4\u03bf \u03c6\u03ac\u03c3\u03bc\u03b1 \u03c4\u03c9\u03bd \u03b5\u03c0\u03b5\u03bc\u03b2\u03ac\u03c3\u03b5\u03c9\u03bd, \u03b5\u03c0\u03b5\u03bc\u03b2\u03b1\u03c4\u03b9\u03ba\u03ce\u03bd \u03ba\u03b1\u03b9 \u03bc\u03b7. \u039b\u03cd\u03c3\u03b5\u03b9\u03c2 \u03b5\u03cd\u03ba\u03bf\u03bb\u03b5\u03c2, \u03b1\u03bd\u03b1\u03af\u03bc\u03b1\u03ba\u03c4\u03b5\u03c2 \u03ba\u03b1\u03b9 \u03bc\u03b5 \u03bc\u03b9\u03ba\u03c1\u03cc \u03ba\u03cc\u03c3\u03c4\u03bf\u03c2, \u03bf\u03b9 \u03bf\u03c0\u03bf\u03af\u03b5\u03c2 \u03bc\u03c0\u03bf\u03c1\u03bf\u03cd\u03bd \u03cc\u03c7\u03b9 \u03bc\u03cc\u03bd\u03bf \u03bd\u03b1 \u03ba\u03b1\u03b8\u03c5\u03c3\u03c4\u03b5\u03c1\u03ae\u03c3\u03bf\u03c5\u03bd, \u03b1\u03bb\u03bb\u03ac \u03ba\u03b1\u03b9 \u03bd\u03b1 \u03b2\u03b5\u03bb\u03c4\u03b9\u03ce\u03c3\u03bf\u03c5\u03bd \u03c4\u03b1 \u03c3\u03b7\u03bc\u03ac\u03b4\u03b9\u03b1 \u03c4\u03bf\u03c5 \u03c7\u03c1\u03cc\u03bd\u03bf\u03c5.","breadcrumb":{"@id":"https:\/\/dudulakis.com\/it\/rinoplastica\/#breadcrumb"},"inLanguage":"it-IT","potentialAction":[{"@type":"ReadAction","target":["https:\/\/dudulakis.com\/it\/rinoplastica\/"]}]},{"@type":"BreadcrumbList","@id":"https:\/\/dudulakis.com\/it\/rinoplastica\/#breadcrumb","itemListElement":[{"@type":"ListItem","position":1,"name":"Home","item":"http:\/\/dudulakis.com\/it\/"},{"@type":"ListItem","position":2,"name":"Rinoplastica"}]},{"@type":"WebSite","@id":"http:\/\/dudulakis.com\/en\/#website","url":"http:\/\/dudulakis.com\/en\/","name":"\u039d\u03b5\u03ba\u03c4\u03ac\u03c1\u03b9\u03bf\u03c2 \u0391.. \u039d\u03c4\u03bf\u03c5\u03bd\u03c4\u03bf\u03c5\u03bb\u03ac\u03ba\u03b7\u03c2","description":"\u03a0\u03bb\u03b1\u03c3\u03c4\u03b9\u03ba\u03ae \u03a7\u03b5\u03b9\u03c1\u03bf\u03c5\u03c1\u03b3\u03b9\u03ba\u03ae","publisher":{"@id":"http:\/\/dudulakis.com\/en\/#organization"},"potentialAction":[{"@type":"SearchAction","target":{"@type":"EntryPoint","urlTemplate":"http:\/\/dudulakis.com\/en\/?s={search_term_string}"},"query-input":{"@type":"PropertyValueSpecification","valueRequired":true,"valueName":"search_term_string"}}],"inLanguage":"it-IT"},{"@type":"Organization","@id":"http:\/\/dudulakis.com\/en\/#organization","name":"\u039d\u03b5\u03ba\u03c4\u03ac\u03c1\u03b9\u03bf\u03c2 \u0391. \u039d\u03c4\u03bf\u03c5\u03bd\u03c4\u03bf\u03c5\u03bb\u03ac\u03ba\u03b7\u03c2 - \u03a0\u03bb\u03b1\u03c3\u03c4\u03b9\u03ba\u03cc\u03c2 \u03a7\u03b5\u03b9\u03c1\u03bf\u03c5\u03c1\u03b3\u03cc\u03c2","url":"http:\/\/dudulakis.com\/en\/","logo":{"@type":"ImageObject","inLanguage":"it-IT","@id":"http:\/\/dudulakis.com\/en\/#\/schema\/logo\/image\/","url":"https:\/\/dudulakis.com\/wp-content\/uploads\/2021\/10\/goldlogodudulakis.jpg","contentUrl":"https:\/\/dudulakis.com\/wp-content\/uploads\/2021\/10\/goldlogodudulakis.jpg","width":353,"height":220,"caption":"\u039d\u03b5\u03ba\u03c4\u03ac\u03c1\u03b9\u03bf\u03c2 \u0391. \u039d\u03c4\u03bf\u03c5\u03bd\u03c4\u03bf\u03c5\u03bb\u03ac\u03ba\u03b7\u03c2 - \u03a0\u03bb\u03b1\u03c3\u03c4\u03b9\u03ba\u03cc\u03c2 \u03a7\u03b5\u03b9\u03c1\u03bf\u03c5\u03c1\u03b3\u03cc\u03c2"},"image":{"@id":"http:\/\/dudulakis.com\/en\/#\/schema\/logo\/image\/"},"sameAs":["https:\/\/www.facebook.com\/Dudulakis","https:\/\/www.instagram.com\/nektarios_dudulakis\/","https:\/\/www.youtube.com\/channel\/UCO1ydZCIZzS1rHRrge4yCPw","https:\/\/www.tiktok.com\/@dudulakis_plasticsurgeon","https:\/\/gr.pinterest.com\/pin\/951666965050420270\/","https:\/\/gr.linkedin.com\/in\/nektarios-dudulakis-5a1408102"]}]}},"_links":{"self":[{"href":"https:\/\/dudulakis.com\/it\/wp-json\/wp\/v2\/pages\/9280","targetHints":{"allow":["GET"]}}],"collection":[{"href":"https:\/\/dudulakis.com\/it\/wp-json\/wp\/v2\/pages"}],"about":[{"href":"https:\/\/dudulakis.com\/it\/wp-json\/wp\/v2\/types\/page"}],"author":[{"embeddable":true,"href":"https:\/\/dudulakis.com\/it\/wp-json\/wp\/v2\/users\/7"}],"replies":[{"embeddable":true,"href":"https:\/\/dudulakis.com\/it\/wp-json\/wp\/v2\/comments?post=9280"}],"version-history":[{"count":6,"href":"https:\/\/dudulakis.com\/it\/wp-json\/wp\/v2\/pages\/9280\/revisions"}],"predecessor-version":[{"id":9321,"href":"https:\/\/dudulakis.com\/it\/wp-json\/wp\/v2\/pages\/9280\/revisions\/9321"}],"wp:attachment":[{"href":"https:\/\/dudulakis.com\/it\/wp-json\/wp\/v2\/media?parent=9280"}],"curies":[{"name":"wp","href":"https:\/\/api.w.org\/{rel}","templated":true}]}}